{"id":3096,"date":"2020-11-22T09:48:28","date_gmt":"2020-11-22T09:48:28","guid":{"rendered":"https:\/\/www.karvounovillas.gr\/contact\/"},"modified":"2020-11-25T09:35:21","modified_gmt":"2020-11-25T09:35:21","slug":"a-lua-legatura-vile-de-lux-de-inchiriat-in-grecia","status":"publish","type":"page","link":"https:\/\/www.karvounovillas.gr\/ro\/a-lua-legatura-vile-de-lux-de-inchiriat-in-grecia\/","title":{"rendered":"A LUA LEGATURA &#8211; Vile de lux de \u00eenchiriat \u00een Grecia"},"content":{"rendered":"<p>[vc_row][vc_column width=&#8221;1\/2&#8243; css=&#8221;.vc_custom_1467214267244{padding-top: 10px !important;padding-bottom: 10px !important;}&#8221;] <h2 style=\"color:;padding:px;text-align:;font-size:25px;line-height:25px;letter-spacing: px;font-weight:normal\" class=\"   nd_options_first_font \">A LUA LEGATURA<\/h2> <div style=\"background-color:;height: 20px\" class=\"nicdark_section  \"><\/div>[vc_column_text]Vile de lux de \u00eenchiriat \u00een Grecia. Karvouno Villas sunt disponibile pe tot parcursul anului \u0219i sunt situate pe o plaj\u0103 privat\u0103.<br \/>\nAceste 3 vile private construite la malul m\u0103rii \u00een Sivota reprezint\u0103 \u00eentruchiparea luxului, intimit\u0103\u021bii \u0219i elegan\u021bei.[\/vc_column_text]<div style=\"background-color:;height: 20px\" class=\"nicdark_section  \"><\/div>\n\n    <!--start form-->\n    <div id=\"nd_options_shortcode_cf7_1072\" class=\"nd_options_section \">\n      \n      <div class=\"nd_options_section nd_options_box_sizing_border_box\">\n        \n<div class=\"wpcf7 no-js\" id=\"wpcf7-f1072-o1\" lang=\"en-US\" dir=\"ltr\">\n<div class=\"screen-reader-response\"><p role=\"status\" aria-live=\"polite\" aria-atomic=\"true\"><\/p> <ul><\/ul><\/div>\n<form action=\"\/ro\/wp-json\/wp\/v2\/pages\/3096#wpcf7-f1072-o1\" method=\"post\" class=\"wpcf7-form init\" aria-label=\"Contact form\" novalidate=\"novalidate\" data-status=\"init\">\n<input type=\"hidden\" name=\"_wpcf7\" value=\"1072\" \/><input type=\"hidden\" name=\"_wpcf7_version\" value=\"6.1.5\" \/><input type=\"hidden\" name=\"_wpcf7_locale\" value=\"en_US\" \/><input type=\"hidden\" name=\"_wpcf7_unit_tag\" value=\"wpcf7-f1072-o1\" \/><input type=\"hidden\" name=\"_wpcf7_container_post\" value=\"0\" \/><input type=\"hidden\" name=\"_wpcf7_posted_data_hash\" value=\"\" \/><input type=\"hidden\" name=\"_wpcf7_recaptcha_response\" value=\"\" \/>\n\n<div class=\"nd_options_float_left nd_options_box_sizing_border_box nd_options_width_100_percentage_all_iphone_important nd_options_padding_0_right_important_all_iphone nd_options_padding_0_left_important_all_iphone \" style=\"padding: 0px 10px 15px 0px;width:100%\">\n<\/p>\n<p>Name :\n<\/p>\n<p><span class=\"wpcf7-form-control-wrap\" data-name=\"name-form\"><\/span><\/div><br \/>\n<div class=\"nd_options_float_left nd_options_box_sizing_border_box nd_options_width_100_percentage_all_iphone_important nd_options_padding_0_right_important_all_iphone nd_options_padding_0_left_important_all_iphone \" style=\"padding: 0px 10px 15px 0px;width:100%\">\n<\/p>\n<p>Email :\n<\/p>\n<p><span class=\"wpcf7-form-control-wrap\" data-name=\"email\"><\/span><\/div><br \/>\n<div class=\"nd_options_float_left nd_options_box_sizing_border_box nd_options_width_100_percentage_all_iphone_important nd_options_padding_0_right_important_all_iphone nd_options_padding_0_left_important_all_iphone \" style=\"padding: 0px 10px 15px 0px;width:100%\">\n<\/p>\n<p>Message :\n<\/p>\n<p><span class=\"wpcf7-form-control-wrap\" data-name=\"message\"><textarea cols=\"40\" rows=\"5\" class=\"wpcf7-form-control wpcf7-textarea nd_options_padding_10_20_important nd_options_margin_top_10\" name=\"message\"><\/textarea><\/span><\/div><br \/>\n<div class=\"nd_options_float_left nd_options_box_sizing_border_box nd_options_width_100_percentage_all_iphone_important nd_options_padding_0_right_important_all_iphone nd_options_padding_0_left_important_all_iphone \" style=\"padding: 0px 0px 0px 0px;width:30%\"><\/div><div class=\"wpcf7-response-output\" aria-hidden=\"true\"><\/div>\n<\/form>\n<\/div>\n \n      <\/div>  \n\n    <\/div>\n    <!--end form-->\n\n   [\/vc_column][vc_column width=&#8221;1\/2&#8243; css=&#8221;.vc_custom_1467214272039{padding-top: 10px !important;padding-bottom: 10px !important;}&#8221;][vc_column_text]<iframe loading=\"lazy\" style=\"border: 0;\" src=\"https:\/\/www.google.com\/maps\/embed?pb=!1m14!1m8!1m3!1d770.7208048856307!2d20.23468776095262!3d39.40414800175102!3m2!1i1024!2i768!4f13.1!3m3!1m2!1s0x0%3A0x222ede77beda6bdc!2sKarvouno+Villas!5e0!3m2!1sel!2sgr!4v1542967454055\" width=\"100%\" height=\"300px\" frameborder=\"0\" allowfullscreen=\"allowfullscreen\"><\/iframe>[\/vc_column_text][vc_column_text]<\/p>\n<aside class=\"widget col-md-3 widget_text\"><span class=\"tlid-translation translation\" lang=\"ro\"><span class=\"tlid-translation translation\" lang=\"ro\"><strong><span class=\"\" title=\"\">Karvouno Villas &#8211; Informa\u021bii de contact<\/span><\/strong><\/span><\/span><span class=\"\" title=\"\">ADRESA: Plaja Karvouno &#8211; Sivota Thesprotia 46100 Grecia.<\/span><span class=\"\" title=\"\">TELEFON: +30 26650-93614<\/span><\/p>\n<p><i class=\"icon-envelope4\">EMAIL :<\/i> \u00a0 <a href=\"mailto:info@karvounovillas.gr\">info@karvounovillas.gr<\/a><i class=\"icon-link4\"><\/i><a href=\"https:\/\/www.karvounovillas.gr\/\">https:\/\/www.karvounovillas.gr\/<\/a><\/p>\n<\/aside>\n<p>[\/vc_column_text]<div style=\"background-color:;height: 25px\" class=\"nicdark_section  \"><\/div>[vc_column_text]<span class=\"tlid-translation translation\" lang=\"ro\"><strong><span class=\"\" title=\"\">CUM S\u0102 AJUNGEM ACOLO<\/span><\/strong><\/span><\/p>\n<p><strong><span title=\"\">Aeroport (CORFU &#8222;IOANNIS KAPODISTRIAS&#8221;)<\/span><\/strong><br \/>\n<span title=\"\">Transfer cu barca cu motor &#8211; vile Karvouno 50 min.<\/span><\/p>\n<p><strong><span title=\"\">Aeroport (PREVEZA &#8211; AKTIO)<\/span><\/strong><br \/>\n<span title=\"\">Transfer cu mini autobuz 85k \/ m &#8211; 60 min<\/span><\/p>\n<p><strong><span title=\"\">Aeroport (IOANNINA)<\/span><\/strong><br \/>\n<span title=\"\">Transfer cu MIN BUS 80 k \/ m &#8211; 60 min<\/span><\/p>\n<p><strong><span title=\"\">Pe drum<\/span><\/strong><br \/>\n<span title=\"\">Prin drumul Egnatia (Din Salonic)<\/span><br \/>\n<span title=\"\">Prin drumul ionian (din Atena)<\/span><\/p>\n<p><strong><span title=\"\">Cu nava<\/span><\/strong><br \/>\n<span title=\"\">Prin portul Igoumenitsa<\/span><br \/>\n<span title=\"\">(Feribot din Italia)<\/span>[\/vc_column_text][\/vc_column][\/vc_row][vc_row][vc_column][\/vc_column][\/vc_row]<\/p>\n","protected":false},"excerpt":{"rendered":"<p>[vc_row][vc_column width=&#8221;1\/2&#8243; css=&#8221;.vc_custom_1467214267244{padding-top: 10px !important;padding-bottom: 10px !important;}&#8221;][vc_column_text]Vile de lux de \u00eenchiriat \u00een Grecia. Karvouno Villas sunt disponibile pe tot parcursul anului \u0219i sunt situate pe o plaj\u0103 privat\u0103. Aceste 3 vile private construite la malul m\u0103rii \u00een Sivota reprezint\u0103 \u00eentruchiparea luxului, intimit\u0103\u021bii \u0219i elegan\u021bei.[\/vc_column_text][\/vc_column][vc_column width=&#8221;1\/2&#8243; css=&#8221;.vc_custom_1467214272039{padding-top: 10px !important;padding-bottom: 10px !important;}&#8221;][vc_column_text][\/vc_column_text][vc_column_text] Karvouno Villas &#8211; Informa\u021bii de [&hellip;]<\/p>\n","protected":false},"author":1,"featured_media":0,"parent":0,"menu_order":0,"comment_status":"closed","ping_status":"closed","template":"","meta":{"footnotes":""},"class_list":["post-3096","page","type-page","status-publish","hentry"],"yoast_head":"<!-- This site is optimized with the Yoast SEO plugin v24.8.1 - https:\/\/yoast.com\/wordpress\/plugins\/seo\/ -->\n<title>A LUA LEGATURA - Vile de lux de \u00eenchiriat \u00een Grecia - Karvounovillas<\/title>\n<meta name=\"description\" content=\"A LUA LEGATURA - Vile de lux de \u00eenchiriat \u00een Grecia, Aceste 3 vile private construite la malul m\u0103rii \u00een Sivota reprezint\u0103 \u00eentruchiparea luxului, intimit\u0103\u021bii \u0219i elegan\u021bei\" \/>\n<meta name=\"robots\" content=\"index, follow, max-snippet:-1, max-image-preview:large, max-video-preview:-1\" \/>\n<link rel=\"canonical\" href=\"https:\/\/www.karvounovillas.gr\/ro\/a-lua-legatura-vile-de-lux-de-inchiriat-in-grecia\/\" \/>\n<meta property=\"og:locale\" content=\"ro_RO\" \/>\n<meta property=\"og:type\" content=\"article\" \/>\n<meta property=\"og:title\" content=\"A LUA LEGATURA - Vile de lux de \u00eenchiriat \u00een Grecia - Karvounovillas\" \/>\n<meta property=\"og:description\" content=\"A LUA LEGATURA - Vile de lux de \u00eenchiriat \u00een Grecia, Aceste 3 vile private construite la malul m\u0103rii \u00een Sivota reprezint\u0103 \u00eentruchiparea luxului, intimit\u0103\u021bii \u0219i elegan\u021bei\" \/>\n<meta property=\"og:url\" content=\"https:\/\/www.karvounovillas.gr\/ro\/a-lua-legatura-vile-de-lux-de-inchiriat-in-grecia\/\" \/>\n<meta property=\"og:site_name\" content=\"Karvounovillas\" \/>\n<meta property=\"article:modified_time\" content=\"2020-11-25T09:35:21+00:00\" \/>\n<meta name=\"twitter:card\" content=\"summary_large_image\" \/>\n<meta name=\"twitter:label1\" content=\"Timp estimat pentru citire\" \/>\n\t<meta name=\"twitter:data1\" content=\"1 minut\" \/>\n<script type=\"application\/ld+json\" class=\"yoast-schema-graph\">{\"@context\":\"https:\/\/schema.org\",\"@graph\":[{\"@type\":\"WebPage\",\"@id\":\"https:\/\/www.karvounovillas.gr\/ro\/a-lua-legatura-vile-de-lux-de-inchiriat-in-grecia\/\",\"url\":\"https:\/\/www.karvounovillas.gr\/ro\/a-lua-legatura-vile-de-lux-de-inchiriat-in-grecia\/\",\"name\":\"A LUA LEGATURA - Vile de lux de \u00eenchiriat \u00een Grecia - Karvounovillas\",\"isPartOf\":{\"@id\":\"https:\/\/www.karvounovillas.gr\/ro\/#website\"},\"datePublished\":\"2020-11-22T09:48:28+00:00\",\"dateModified\":\"2020-11-25T09:35:21+00:00\",\"description\":\"A LUA LEGATURA - Vile de lux de \u00eenchiriat \u00een Grecia, Aceste 3 vile private construite la malul m\u0103rii \u00een Sivota reprezint\u0103 \u00eentruchiparea luxului, intimit\u0103\u021bii \u0219i elegan\u021bei\",\"breadcrumb\":{\"@id\":\"https:\/\/www.karvounovillas.gr\/ro\/a-lua-legatura-vile-de-lux-de-inchiriat-in-grecia\/#breadcrumb\"},\"inLanguage\":\"ro-RO\",\"potentialAction\":[{\"@type\":\"ReadAction\",\"target\":[\"https:\/\/www.karvounovillas.gr\/ro\/a-lua-legatura-vile-de-lux-de-inchiriat-in-grecia\/\"]}]},{\"@type\":\"BreadcrumbList\",\"@id\":\"https:\/\/www.karvounovillas.gr\/ro\/a-lua-legatura-vile-de-lux-de-inchiriat-in-grecia\/#breadcrumb\",\"itemListElement\":[{\"@type\":\"ListItem\",\"position\":1,\"name\":\"Home\",\"item\":\"https:\/\/www.karvounovillas.gr\/ro\/\"},{\"@type\":\"ListItem\",\"position\":2,\"name\":\"A LUA LEGATURA &#8211; Vile de lux de \u00eenchiriat \u00een Grecia\"}]},{\"@type\":\"WebSite\",\"@id\":\"https:\/\/www.karvounovillas.gr\/ro\/#website\",\"url\":\"https:\/\/www.karvounovillas.gr\/ro\/\",\"name\":\"Karvounovillas\",\"description\":\"Luxury private villas in sivota greece\",\"publisher\":{\"@id\":\"https:\/\/www.karvounovillas.gr\/ro\/#organization\"},\"potentialAction\":[{\"@type\":\"SearchAction\",\"target\":{\"@type\":\"EntryPoint\",\"urlTemplate\":\"https:\/\/www.karvounovillas.gr\/ro\/?s={search_term_string}\"},\"query-input\":{\"@type\":\"PropertyValueSpecification\",\"valueRequired\":true,\"valueName\":\"search_term_string\"}}],\"inLanguage\":\"ro-RO\"},{\"@type\":\"Organization\",\"@id\":\"https:\/\/www.karvounovillas.gr\/ro\/#organization\",\"name\":\"Karvouno villas sivota Greece\",\"url\":\"https:\/\/www.karvounovillas.gr\/ro\/\",\"logo\":{\"@type\":\"ImageObject\",\"inLanguage\":\"ro-RO\",\"@id\":\"https:\/\/www.karvounovillas.gr\/ro\/#\/schema\/logo\/image\/\",\"url\":\"https:\/\/www.karvounovillas.gr\/wp-content\/uploads\/Karvouno-Villas-sivota-luxury-villas-private-kentriki-10.jpg\",\"contentUrl\":\"https:\/\/www.karvounovillas.gr\/wp-content\/uploads\/Karvouno-Villas-sivota-luxury-villas-private-kentriki-10.jpg\",\"width\":1728,\"height\":1125,\"caption\":\"Karvouno villas sivota Greece\"},\"image\":{\"@id\":\"https:\/\/www.karvounovillas.gr\/ro\/#\/schema\/logo\/image\/\"}}]}<\/script>\n<!-- \/ Yoast SEO plugin. -->","yoast_head_json":{"title":"A LUA LEGATURA - Vile de lux de \u00eenchiriat \u00een Grecia - Karvounovillas","description":"A LUA LEGATURA - Vile de lux de \u00eenchiriat \u00een Grecia, Aceste 3 vile private construite la malul m\u0103rii \u00een Sivota reprezint\u0103 \u00eentruchiparea luxului, intimit\u0103\u021bii \u0219i elegan\u021bei","robots":{"index":"index","follow":"follow","max-snippet":"max-snippet:-1","max-image-preview":"max-image-preview:large","max-video-preview":"max-video-preview:-1"},"canonical":"https:\/\/www.karvounovillas.gr\/ro\/a-lua-legatura-vile-de-lux-de-inchiriat-in-grecia\/","og_locale":"ro_RO","og_type":"article","og_title":"A LUA LEGATURA - Vile de lux de \u00eenchiriat \u00een Grecia - Karvounovillas","og_description":"A LUA LEGATURA - Vile de lux de \u00eenchiriat \u00een Grecia, Aceste 3 vile private construite la malul m\u0103rii \u00een Sivota reprezint\u0103 \u00eentruchiparea luxului, intimit\u0103\u021bii \u0219i elegan\u021bei","og_url":"https:\/\/www.karvounovillas.gr\/ro\/a-lua-legatura-vile-de-lux-de-inchiriat-in-grecia\/","og_site_name":"Karvounovillas","article_modified_time":"2020-11-25T09:35:21+00:00","twitter_card":"summary_large_image","twitter_misc":{"Timp estimat pentru citire":"1 minut"},"schema":{"@context":"https:\/\/schema.org","@graph":[{"@type":"WebPage","@id":"https:\/\/www.karvounovillas.gr\/ro\/a-lua-legatura-vile-de-lux-de-inchiriat-in-grecia\/","url":"https:\/\/www.karvounovillas.gr\/ro\/a-lua-legatura-vile-de-lux-de-inchiriat-in-grecia\/","name":"A LUA LEGATURA - Vile de lux de \u00eenchiriat \u00een Grecia - Karvounovillas","isPartOf":{"@id":"https:\/\/www.karvounovillas.gr\/ro\/#website"},"datePublished":"2020-11-22T09:48:28+00:00","dateModified":"2020-11-25T09:35:21+00:00","description":"A LUA LEGATURA - Vile de lux de \u00eenchiriat \u00een Grecia, Aceste 3 vile private construite la malul m\u0103rii \u00een Sivota reprezint\u0103 \u00eentruchiparea luxului, intimit\u0103\u021bii \u0219i elegan\u021bei","breadcrumb":{"@id":"https:\/\/www.karvounovillas.gr\/ro\/a-lua-legatura-vile-de-lux-de-inchiriat-in-grecia\/#breadcrumb"},"inLanguage":"ro-RO","potentialAction":[{"@type":"ReadAction","target":["https:\/\/www.karvounovillas.gr\/ro\/a-lua-legatura-vile-de-lux-de-inchiriat-in-grecia\/"]}]},{"@type":"BreadcrumbList","@id":"https:\/\/www.karvounovillas.gr\/ro\/a-lua-legatura-vile-de-lux-de-inchiriat-in-grecia\/#breadcrumb","itemListElement":[{"@type":"ListItem","position":1,"name":"Home","item":"https:\/\/www.karvounovillas.gr\/ro\/"},{"@type":"ListItem","position":2,"name":"A LUA LEGATURA &#8211; Vile de lux de \u00eenchiriat \u00een Grecia"}]},{"@type":"WebSite","@id":"https:\/\/www.karvounovillas.gr\/ro\/#website","url":"https:\/\/www.karvounovillas.gr\/ro\/","name":"Karvounovillas","description":"Luxury private villas in sivota greece","publisher":{"@id":"https:\/\/www.karvounovillas.gr\/ro\/#organization"},"potentialAction":[{"@type":"SearchAction","target":{"@type":"EntryPoint","urlTemplate":"https:\/\/www.karvounovillas.gr\/ro\/?s={search_term_string}"},"query-input":{"@type":"PropertyValueSpecification","valueRequired":true,"valueName":"search_term_string"}}],"inLanguage":"ro-RO"},{"@type":"Organization","@id":"https:\/\/www.karvounovillas.gr\/ro\/#organization","name":"Karvouno villas sivota Greece","url":"https:\/\/www.karvounovillas.gr\/ro\/","logo":{"@type":"ImageObject","inLanguage":"ro-RO","@id":"https:\/\/www.karvounovillas.gr\/ro\/#\/schema\/logo\/image\/","url":"https:\/\/www.karvounovillas.gr\/wp-content\/uploads\/Karvouno-Villas-sivota-luxury-villas-private-kentriki-10.jpg","contentUrl":"https:\/\/www.karvounovillas.gr\/wp-content\/uploads\/Karvouno-Villas-sivota-luxury-villas-private-kentriki-10.jpg","width":1728,"height":1125,"caption":"Karvouno villas sivota Greece"},"image":{"@id":"https:\/\/www.karvounovillas.gr\/ro\/#\/schema\/logo\/image\/"}}]}},"_links":{"self":[{"href":"https:\/\/www.karvounovillas.gr\/ro\/wp-json\/wp\/v2\/pages\/3096","targetHints":{"allow":["GET"]}}],"collection":[{"href":"https:\/\/www.karvounovillas.gr\/ro\/wp-json\/wp\/v2\/pages"}],"about":[{"href":"https:\/\/www.karvounovillas.gr\/ro\/wp-json\/wp\/v2\/types\/page"}],"author":[{"embeddable":true,"href":"https:\/\/www.karvounovillas.gr\/ro\/wp-json\/wp\/v2\/users\/1"}],"replies":[{"embeddable":true,"href":"https:\/\/www.karvounovillas.gr\/ro\/wp-json\/wp\/v2\/comments?post=3096"}],"version-history":[{"count":4,"href":"https:\/\/www.karvounovillas.gr\/ro\/wp-json\/wp\/v2\/pages\/3096\/revisions"}],"predecessor-version":[{"id":3305,"href":"https:\/\/www.karvounovillas.gr\/ro\/wp-json\/wp\/v2\/pages\/3096\/revisions\/3305"}],"wp:attachment":[{"href":"https:\/\/www.karvounovillas.gr\/ro\/wp-json\/wp\/v2\/media?parent=3096"}],"curies":[{"name":"wp","href":"https:\/\/api.w.org\/{rel}","templated":true}]}}