{"id":3085,"date":"2020-11-19T09:33:28","date_gmt":"2020-11-19T09:33:28","guid":{"rendered":"https:\/\/www.karvounovillas.gr\/gallery\/"},"modified":"2020-11-25T09:33:47","modified_gmt":"2020-11-25T09:33:47","slug":"fotografii-vile-de-lux-de-inchiriat-in-grecia","status":"publish","type":"page","link":"https:\/\/www.karvounovillas.gr\/ro\/fotografii-vile-de-lux-de-inchiriat-in-grecia\/","title":{"rendered":"FOTOGRAFII &#8211; Vile de lux de \u00eenchiriat \u00een Grecia"},"content":{"rendered":"<p>[vc_row css=&#8221;.vc_custom_1603352459601{padding-top: 70px !important;background-color: #f9f9f9 !important;}&#8221;][vc_column] <h6 style=\"color:#878787;padding:px;text-align:center;font-size:60px;line-height:50px;letter-spacing: 2px;font-weight:normal\" class=\"   nd_options_second_font \">VILE KARVOUNO - FOTOGRAFII<\/h6> <div style=\"background-color:;height: 10px\" class=\"nicdark_section  \"><\/div>\n    <div class=\"nd_options_section nd_options_line_height_0  nd_options_text_align_center \">\n        <span style=\"height:1px;width:30px;background-color:#878787\" class=\"nd_options_display_inline_block\"><\/span>\n    <\/div>\n   <div style=\"background-color:;height: 30px\" class=\"nicdark_section  \"><\/div> <h1 style=\"color:#dd9933;padding:px;text-align:;font-size:20px;line-height:20px;letter-spacing: px;font-weight:normal\" class=\"  nd_options_font_size_40_important_all_iphone nd_options_first_font \">VILA ALEXANDRA<\/h1> <div style=\"background-color:;height: 30px\" class=\"nicdark_section  \"><\/div>[\/vc_column][\/vc_row][vc_row][vc_column css=&#8221;.vc_custom_1503582426773{margin-top: -10px !important;}&#8221;]<div style=\"background-color:;height: 30px\" class=\"nicdark_section  \"><\/div>[vc_gallery type=&#8221;image_grid&#8221; images=&#8221;2262,2267,2272,2277,2282,2287,2292,2297,2302,2307,2312,2317,2322,2327,2332,2337,2342,2347,2352,2357,2362,2257,2252,2081&#8243; img_size=&#8221;&#8221;][\/vc_column][\/vc_row][vc_row css=&#8221;.vc_custom_1603352459601{padding-top: 70px !important;background-color: #f9f9f9 !important;}&#8221;][vc_column] <h1 style=\"color:#dd9933;padding:px;text-align:;font-size:20px;line-height:20px;letter-spacing: px;font-weight:normal\" class=\"  nd_options_font_size_40_important_all_iphone nd_options_first_font \">VILA ANDRIANA<\/h1> <div style=\"background-color:;height: 30px\" class=\"nicdark_section  \"><\/div>[\/vc_column][\/vc_row][vc_row][vc_column css=&#8221;.vc_custom_1503582426773{margin-top: -10px !important;}&#8221;]<div style=\"background-color:;height: 30px\" class=\"nicdark_section  \"><\/div>[vc_gallery type=&#8221;image_grid&#8221; images=&#8221;2184,2189,2194,2199,2204,2209,2214,2219,2224,2169,2164,2159,2154,2229,2234,2239,2244,2149,2144,2139,2134&#8243; img_size=&#8221;&#8221;][\/vc_column][\/vc_row][vc_row css=&#8221;.vc_custom_1603352459601{padding-top: 70px !important;background-color: #f9f9f9 !important;}&#8221;][vc_column] <h1 style=\"color:#dd9933;padding:px;text-align:;font-size:20px;line-height:20px;letter-spacing: px;font-weight:normal\" class=\"  nd_options_font_size_40_important_all_iphone nd_options_first_font \">VILA MICHAEL<\/h1> <div style=\"background-color:;height: 30px\" class=\"nicdark_section  \"><\/div>[\/vc_column][\/vc_row][vc_row][vc_column css=&#8221;.vc_custom_1503582426773{margin-top: -10px !important;}&#8221;]<div style=\"background-color:;height: 30px\" class=\"nicdark_section  \"><\/div>[vc_gallery type=&#8221;image_grid&#8221; images=&#8221;2483,2478,2473,2468,2463,2458,2453,2448,2443,2438,2433,2428,2423,2418,2413,2408,2403,2398&#8243; img_size=&#8221;&#8221;][\/vc_column][\/vc_row][vc_row css=&#8221;.vc_custom_1603352459601{padding-top: 70px !important;background-color: #f9f9f9 !important;}&#8221;][vc_column] <h1 style=\"color:#dd9933;padding:px;text-align:;font-size:20px;line-height:20px;letter-spacing: px;font-weight:normal\" class=\"  nd_options_font_size_40_important_all_iphone nd_options_first_font \">FOTOGRAFII GENERALE<\/h1> <div style=\"background-color:;height: 30px\" class=\"nicdark_section  \"><\/div>[\/vc_column][\/vc_row][vc_row][vc_column css=&#8221;.vc_custom_1503582426773{margin-top: -10px !important;}&#8221;]<div style=\"background-color:;height: 30px\" class=\"nicdark_section  \"><\/div>[vc_gallery type=&#8221;image_grid&#8221; images=&#8221;2483,2478,2473,2458,2453,2448,2443,2433,2428,2418,2662,1545,1917,1921,1913,1624,1975,2017,2007,2110,2105,2149,2219&#8243; img_size=&#8221;&#8221;][\/vc_column][\/vc_row][vc_row css=&#8221;.vc_custom_1603352459601{padding-top: 70px !important;background-color: #f9f9f9 !important;}&#8221;][vc_column] <h1 style=\"color:#dd9933;padding:px;text-align:;font-size:20px;line-height:20px;letter-spacing: px;font-weight:normal\" class=\"  nd_options_font_size_40_important_all_iphone nd_options_first_font \">FOTOGRAFII ZONEI DIN SIVOTA<\/h1> <div style=\"background-color:;height: 30px\" class=\"nicdark_section  \"><\/div>[\/vc_column][\/vc_row][vc_row][vc_column css=&#8221;.vc_custom_1503582426773{margin-top: -10px !important;}&#8221;]<div style=\"background-color:;height: 30px\" class=\"nicdark_section  \"><\/div>[vc_gallery type=&#8221;image_grid&#8221; images=&#8221;2545,2550,2555,2560,2565,2570,2575&#8243; img_size=&#8221;&#8221;]<div style=\"background-color:;height: 50px\" class=\"nicdark_section  \"><\/div>[\/vc_column][\/vc_row]<\/p>\n","protected":false},"excerpt":{"rendered":"<p>[vc_row css=&#8221;.vc_custom_1603352459601{padding-top: 70px !important;background-color: #f9f9f9 !important;}&#8221;][vc_column][\/vc_column][\/vc_row][vc_row][vc_column css=&#8221;.vc_custom_1503582426773{margin-top: -10px !important;}&#8221;][vc_gallery type=&#8221;image_grid&#8221; images=&#8221;2262,2267,2272,2277,2282,2287,2292,2297,2302,2307,2312,2317,2322,2327,2332,2337,2342,2347,2352,2357,2362,2257,2252,2081&#8243; img_size=&#8221;&#8221;][\/vc_column][\/vc_row][vc_row css=&#8221;.vc_custom_1603352459601{padding-top: 70px !important;background-color: #f9f9f9 !important;}&#8221;][vc_column][\/vc_column][\/vc_row][vc_row][vc_column css=&#8221;.vc_custom_1503582426773{margin-top: -10px !important;}&#8221;][vc_gallery type=&#8221;image_grid&#8221; images=&#8221;2184,2189,2194,2199,2204,2209,2214,2219,2224,2169,2164,2159,2154,2229,2234,2239,2244,2149,2144,2139,2134&#8243; img_size=&#8221;&#8221;][\/vc_column][\/vc_row][vc_row css=&#8221;.vc_custom_1603352459601{padding-top: 70px !important;background-color: #f9f9f9 !important;}&#8221;][vc_column][\/vc_column][\/vc_row][vc_row][vc_column css=&#8221;.vc_custom_1503582426773{margin-top: -10px !important;}&#8221;][vc_gallery type=&#8221;image_grid&#8221; images=&#8221;2483,2478,2473,2468,2463,2458,2453,2448,2443,2438,2433,2428,2423,2418,2413,2408,2403,2398&#8243; img_size=&#8221;&#8221;][\/vc_column][\/vc_row][vc_row css=&#8221;.vc_custom_1603352459601{padding-top: 70px !important;background-color: #f9f9f9 !important;}&#8221;][vc_column][\/vc_column][\/vc_row][vc_row][vc_column css=&#8221;.vc_custom_1503582426773{margin-top: -10px !important;}&#8221;][vc_gallery type=&#8221;image_grid&#8221; images=&#8221;2483,2478,2473,2458,2453,2448,2443,2433,2428,2418,2662,1545,1917,1921,1913,1624,1975,2017,2007,2110,2105,2149,2219&#8243; img_size=&#8221;&#8221;][\/vc_column][\/vc_row][vc_row css=&#8221;.vc_custom_1603352459601{padding-top: 70px !important;background-color: #f9f9f9 !important;}&#8221;][vc_column][\/vc_column][\/vc_row][vc_row][vc_column css=&#8221;.vc_custom_1503582426773{margin-top: -10px !important;}&#8221;][vc_gallery type=&#8221;image_grid&#8221; images=&#8221;2545,2550,2555,2560,2565,2570,2575&#8243; [&hellip;]<\/p>\n","protected":false},"author":1,"featured_media":2662,"parent":0,"menu_order":0,"comment_status":"closed","ping_status":"closed","template":"","meta":{"footnotes":""},"class_list":["post-3085","page","type-page","status-publish","has-post-thumbnail","hentry"],"yoast_head":"<!-- This site is optimized with the Yoast SEO plugin v24.8.1 - https:\/\/yoast.com\/wordpress\/plugins\/seo\/ -->\n<title>FOTOGRAFII - Vile de lux de \u00eenchiriat \u00een Grecia - Karvounovillas<\/title>\n<meta name=\"description\" content=\"FOTOGRAFII - Vile de lux de \u00eenchiriat \u00een Grecia, Aceste 3 vile private construite la malul m\u0103rii \u00een Sivota reprezint\u0103 \u00eentruchiparea luxului, intimit\u0103\u021bii \u0219i elegan\u021bei\" \/>\n<meta name=\"robots\" content=\"index, follow, max-snippet:-1, max-image-preview:large, max-video-preview:-1\" \/>\n<link rel=\"canonical\" href=\"https:\/\/www.karvounovillas.gr\/ro\/fotografii-vile-de-lux-de-inchiriat-in-grecia\/\" \/>\n<meta property=\"og:locale\" content=\"ro_RO\" \/>\n<meta property=\"og:type\" content=\"article\" \/>\n<meta property=\"og:title\" content=\"FOTOGRAFII - Vile de lux de \u00eenchiriat \u00een Grecia - Karvounovillas\" \/>\n<meta property=\"og:description\" content=\"FOTOGRAFII - Vile de lux de \u00eenchiriat \u00een Grecia, Aceste 3 vile private construite la malul m\u0103rii \u00een Sivota reprezint\u0103 \u00eentruchiparea luxului, intimit\u0103\u021bii \u0219i elegan\u021bei\" \/>\n<meta property=\"og:url\" content=\"https:\/\/www.karvounovillas.gr\/ro\/fotografii-vile-de-lux-de-inchiriat-in-grecia\/\" \/>\n<meta property=\"og:site_name\" content=\"Karvounovillas\" \/>\n<meta property=\"article:modified_time\" content=\"2020-11-25T09:33:47+00:00\" \/>\n<meta property=\"og:image\" content=\"https:\/\/www.karvounovillas.gr\/wp-content\/uploads\/Karvouno-Villas-sivota-luxury-villas-private-kentriki-1.jpg\" \/>\n\t<meta property=\"og:image:width\" content=\"1689\" \/>\n\t<meta property=\"og:image:height\" content=\"1213\" \/>\n\t<meta property=\"og:image:type\" content=\"image\/jpeg\" \/>\n<meta name=\"twitter:card\" content=\"summary_large_image\" \/>\n<meta name=\"twitter:label1\" content=\"Timp estimat pentru citire\" \/>\n\t<meta name=\"twitter:data1\" content=\"3 minute\" \/>\n<script type=\"application\/ld+json\" class=\"yoast-schema-graph\">{\"@context\":\"https:\/\/schema.org\",\"@graph\":[{\"@type\":\"WebPage\",\"@id\":\"https:\/\/www.karvounovillas.gr\/ro\/fotografii-vile-de-lux-de-inchiriat-in-grecia\/\",\"url\":\"https:\/\/www.karvounovillas.gr\/ro\/fotografii-vile-de-lux-de-inchiriat-in-grecia\/\",\"name\":\"FOTOGRAFII - Vile de lux de \u00eenchiriat \u00een Grecia - Karvounovillas\",\"isPartOf\":{\"@id\":\"https:\/\/www.karvounovillas.gr\/ro\/#website\"},\"primaryImageOfPage\":{\"@id\":\"https:\/\/www.karvounovillas.gr\/ro\/fotografii-vile-de-lux-de-inchiriat-in-grecia\/#primaryimage\"},\"image\":{\"@id\":\"https:\/\/www.karvounovillas.gr\/ro\/fotografii-vile-de-lux-de-inchiriat-in-grecia\/#primaryimage\"},\"thumbnailUrl\":\"https:\/\/www.karvounovillas.gr\/wp-content\/uploads\/Karvouno-Villas-sivota-luxury-villas-private-kentriki-1.jpg\",\"datePublished\":\"2020-11-19T09:33:28+00:00\",\"dateModified\":\"2020-11-25T09:33:47+00:00\",\"description\":\"FOTOGRAFII - Vile de lux de \u00eenchiriat \u00een Grecia, Aceste 3 vile private construite la malul m\u0103rii \u00een Sivota reprezint\u0103 \u00eentruchiparea luxului, intimit\u0103\u021bii \u0219i elegan\u021bei\",\"breadcrumb\":{\"@id\":\"https:\/\/www.karvounovillas.gr\/ro\/fotografii-vile-de-lux-de-inchiriat-in-grecia\/#breadcrumb\"},\"inLanguage\":\"ro-RO\",\"potentialAction\":[{\"@type\":\"ReadAction\",\"target\":[\"https:\/\/www.karvounovillas.gr\/ro\/fotografii-vile-de-lux-de-inchiriat-in-grecia\/\"]}]},{\"@type\":\"ImageObject\",\"inLanguage\":\"ro-RO\",\"@id\":\"https:\/\/www.karvounovillas.gr\/ro\/fotografii-vile-de-lux-de-inchiriat-in-grecia\/#primaryimage\",\"url\":\"https:\/\/www.karvounovillas.gr\/wp-content\/uploads\/Karvouno-Villas-sivota-luxury-villas-private-kentriki-1.jpg\",\"contentUrl\":\"https:\/\/www.karvounovillas.gr\/wp-content\/uploads\/Karvouno-Villas-sivota-luxury-villas-private-kentriki-1.jpg\",\"width\":1689,\"height\":1213,\"caption\":\"Karvouno Villas Sivota\"},{\"@type\":\"BreadcrumbList\",\"@id\":\"https:\/\/www.karvounovillas.gr\/ro\/fotografii-vile-de-lux-de-inchiriat-in-grecia\/#breadcrumb\",\"itemListElement\":[{\"@type\":\"ListItem\",\"position\":1,\"name\":\"Home\",\"item\":\"https:\/\/www.karvounovillas.gr\/ro\/\"},{\"@type\":\"ListItem\",\"position\":2,\"name\":\"FOTOGRAFII &#8211; Vile de lux de \u00eenchiriat \u00een Grecia\"}]},{\"@type\":\"WebSite\",\"@id\":\"https:\/\/www.karvounovillas.gr\/ro\/#website\",\"url\":\"https:\/\/www.karvounovillas.gr\/ro\/\",\"name\":\"Karvounovillas\",\"description\":\"Luxury private villas in sivota greece\",\"publisher\":{\"@id\":\"https:\/\/www.karvounovillas.gr\/ro\/#organization\"},\"potentialAction\":[{\"@type\":\"SearchAction\",\"target\":{\"@type\":\"EntryPoint\",\"urlTemplate\":\"https:\/\/www.karvounovillas.gr\/ro\/?s={search_term_string}\"},\"query-input\":{\"@type\":\"PropertyValueSpecification\",\"valueRequired\":true,\"valueName\":\"search_term_string\"}}],\"inLanguage\":\"ro-RO\"},{\"@type\":\"Organization\",\"@id\":\"https:\/\/www.karvounovillas.gr\/ro\/#organization\",\"name\":\"Karvouno villas sivota Greece\",\"url\":\"https:\/\/www.karvounovillas.gr\/ro\/\",\"logo\":{\"@type\":\"ImageObject\",\"inLanguage\":\"ro-RO\",\"@id\":\"https:\/\/www.karvounovillas.gr\/ro\/#\/schema\/logo\/image\/\",\"url\":\"https:\/\/www.karvounovillas.gr\/wp-content\/uploads\/Karvouno-Villas-sivota-luxury-villas-private-kentriki-10.jpg\",\"contentUrl\":\"https:\/\/www.karvounovillas.gr\/wp-content\/uploads\/Karvouno-Villas-sivota-luxury-villas-private-kentriki-10.jpg\",\"width\":1728,\"height\":1125,\"caption\":\"Karvouno villas sivota Greece\"},\"image\":{\"@id\":\"https:\/\/www.karvounovillas.gr\/ro\/#\/schema\/logo\/image\/\"}}]}<\/script>\n<!-- \/ Yoast SEO plugin. -->","yoast_head_json":{"title":"FOTOGRAFII - Vile de lux de \u00eenchiriat \u00een Grecia - Karvounovillas","description":"FOTOGRAFII - Vile de lux de \u00eenchiriat \u00een Grecia, Aceste 3 vile private construite la malul m\u0103rii \u00een Sivota reprezint\u0103 \u00eentruchiparea luxului, intimit\u0103\u021bii \u0219i elegan\u021bei","robots":{"index":"index","follow":"follow","max-snippet":"max-snippet:-1","max-image-preview":"max-image-preview:large","max-video-preview":"max-video-preview:-1"},"canonical":"https:\/\/www.karvounovillas.gr\/ro\/fotografii-vile-de-lux-de-inchiriat-in-grecia\/","og_locale":"ro_RO","og_type":"article","og_title":"FOTOGRAFII - Vile de lux de \u00eenchiriat \u00een Grecia - Karvounovillas","og_description":"FOTOGRAFII - Vile de lux de \u00eenchiriat \u00een Grecia, Aceste 3 vile private construite la malul m\u0103rii \u00een Sivota reprezint\u0103 \u00eentruchiparea luxului, intimit\u0103\u021bii \u0219i elegan\u021bei","og_url":"https:\/\/www.karvounovillas.gr\/ro\/fotografii-vile-de-lux-de-inchiriat-in-grecia\/","og_site_name":"Karvounovillas","article_modified_time":"2020-11-25T09:33:47+00:00","og_image":[{"width":1689,"height":1213,"url":"https:\/\/www.karvounovillas.gr\/wp-content\/uploads\/Karvouno-Villas-sivota-luxury-villas-private-kentriki-1.jpg","type":"image\/jpeg"}],"twitter_card":"summary_large_image","twitter_misc":{"Timp estimat pentru citire":"3 minute"},"schema":{"@context":"https:\/\/schema.org","@graph":[{"@type":"WebPage","@id":"https:\/\/www.karvounovillas.gr\/ro\/fotografii-vile-de-lux-de-inchiriat-in-grecia\/","url":"https:\/\/www.karvounovillas.gr\/ro\/fotografii-vile-de-lux-de-inchiriat-in-grecia\/","name":"FOTOGRAFII - Vile de lux de \u00eenchiriat \u00een Grecia - Karvounovillas","isPartOf":{"@id":"https:\/\/www.karvounovillas.gr\/ro\/#website"},"primaryImageOfPage":{"@id":"https:\/\/www.karvounovillas.gr\/ro\/fotografii-vile-de-lux-de-inchiriat-in-grecia\/#primaryimage"},"image":{"@id":"https:\/\/www.karvounovillas.gr\/ro\/fotografii-vile-de-lux-de-inchiriat-in-grecia\/#primaryimage"},"thumbnailUrl":"https:\/\/www.karvounovillas.gr\/wp-content\/uploads\/Karvouno-Villas-sivota-luxury-villas-private-kentriki-1.jpg","datePublished":"2020-11-19T09:33:28+00:00","dateModified":"2020-11-25T09:33:47+00:00","description":"FOTOGRAFII - Vile de lux de \u00eenchiriat \u00een Grecia, Aceste 3 vile private construite la malul m\u0103rii \u00een Sivota reprezint\u0103 \u00eentruchiparea luxului, intimit\u0103\u021bii \u0219i elegan\u021bei","breadcrumb":{"@id":"https:\/\/www.karvounovillas.gr\/ro\/fotografii-vile-de-lux-de-inchiriat-in-grecia\/#breadcrumb"},"inLanguage":"ro-RO","potentialAction":[{"@type":"ReadAction","target":["https:\/\/www.karvounovillas.gr\/ro\/fotografii-vile-de-lux-de-inchiriat-in-grecia\/"]}]},{"@type":"ImageObject","inLanguage":"ro-RO","@id":"https:\/\/www.karvounovillas.gr\/ro\/fotografii-vile-de-lux-de-inchiriat-in-grecia\/#primaryimage","url":"https:\/\/www.karvounovillas.gr\/wp-content\/uploads\/Karvouno-Villas-sivota-luxury-villas-private-kentriki-1.jpg","contentUrl":"https:\/\/www.karvounovillas.gr\/wp-content\/uploads\/Karvouno-Villas-sivota-luxury-villas-private-kentriki-1.jpg","width":1689,"height":1213,"caption":"Karvouno Villas Sivota"},{"@type":"BreadcrumbList","@id":"https:\/\/www.karvounovillas.gr\/ro\/fotografii-vile-de-lux-de-inchiriat-in-grecia\/#breadcrumb","itemListElement":[{"@type":"ListItem","position":1,"name":"Home","item":"https:\/\/www.karvounovillas.gr\/ro\/"},{"@type":"ListItem","position":2,"name":"FOTOGRAFII &#8211; Vile de lux de \u00eenchiriat \u00een Grecia"}]},{"@type":"WebSite","@id":"https:\/\/www.karvounovillas.gr\/ro\/#website","url":"https:\/\/www.karvounovillas.gr\/ro\/","name":"Karvounovillas","description":"Luxury private villas in sivota greece","publisher":{"@id":"https:\/\/www.karvounovillas.gr\/ro\/#organization"},"potentialAction":[{"@type":"SearchAction","target":{"@type":"EntryPoint","urlTemplate":"https:\/\/www.karvounovillas.gr\/ro\/?s={search_term_string}"},"query-input":{"@type":"PropertyValueSpecification","valueRequired":true,"valueName":"search_term_string"}}],"inLanguage":"ro-RO"},{"@type":"Organization","@id":"https:\/\/www.karvounovillas.gr\/ro\/#organization","name":"Karvouno villas sivota Greece","url":"https:\/\/www.karvounovillas.gr\/ro\/","logo":{"@type":"ImageObject","inLanguage":"ro-RO","@id":"https:\/\/www.karvounovillas.gr\/ro\/#\/schema\/logo\/image\/","url":"https:\/\/www.karvounovillas.gr\/wp-content\/uploads\/Karvouno-Villas-sivota-luxury-villas-private-kentriki-10.jpg","contentUrl":"https:\/\/www.karvounovillas.gr\/wp-content\/uploads\/Karvouno-Villas-sivota-luxury-villas-private-kentriki-10.jpg","width":1728,"height":1125,"caption":"Karvouno villas sivota Greece"},"image":{"@id":"https:\/\/www.karvounovillas.gr\/ro\/#\/schema\/logo\/image\/"}}]}},"_links":{"self":[{"href":"https:\/\/www.karvounovillas.gr\/ro\/wp-json\/wp\/v2\/pages\/3085","targetHints":{"allow":["GET"]}}],"collection":[{"href":"https:\/\/www.karvounovillas.gr\/ro\/wp-json\/wp\/v2\/pages"}],"about":[{"href":"https:\/\/www.karvounovillas.gr\/ro\/wp-json\/wp\/v2\/types\/page"}],"author":[{"embeddable":true,"href":"https:\/\/www.karvounovillas.gr\/ro\/wp-json\/wp\/v2\/users\/1"}],"replies":[{"embeddable":true,"href":"https:\/\/www.karvounovillas.gr\/ro\/wp-json\/wp\/v2\/comments?post=3085"}],"version-history":[{"count":5,"href":"https:\/\/www.karvounovillas.gr\/ro\/wp-json\/wp\/v2\/pages\/3085\/revisions"}],"predecessor-version":[{"id":3304,"href":"https:\/\/www.karvounovillas.gr\/ro\/wp-json\/wp\/v2\/pages\/3085\/revisions\/3304"}],"wp:featuredmedia":[{"embeddable":true,"href":"https:\/\/www.karvounovillas.gr\/ro\/wp-json\/wp\/v2\/media\/2662"}],"wp:attachment":[{"href":"https:\/\/www.karvounovillas.gr\/ro\/wp-json\/wp\/v2\/media?parent=3085"}],"curies":[{"name":"wp","href":"https:\/\/api.w.org\/{rel}","templated":true}]}}